{"id":510,"date":"2021-02-12T22:00:08","date_gmt":"2021-02-12T21:00:08","guid":{"rendered":"https:\/\/rcm.qc.ca\/accueil\/"},"modified":"2021-09-27T01:27:24","modified_gmt":"2021-09-26T23:27:24","slug":"established-in-1984-rcm-architectural-is-a-manufacturer-of-custom-built-in-furniture-and-architectural-elements","status":"publish","type":"page","link":"https:\/\/rcm.qc.ca\/en\/","title":{"rendered":"home"},"content":{"rendered":"\n<h2>\n\t\tManufacturer of custom built-in furniture and architectural elements\n\t<\/h2>\n\t\t\t<img decoding=\"async\" loading='false' src=\"https:\/\/rcm.qc.ca\/wp-content\/uploads\/2021\/02\/02-avon.jpg\" alt=\"\" \/>\t\t\t\n\t\t\t<img decoding=\"async\" loading='false' src=\"https:\/\/rcm.qc.ca\/wp-content\/uploads\/2021\/02\/03-bcf.jpg\" alt=\"\" \/>\t\t\t\n\t\t\t<img decoding=\"async\" loading='false' src=\"https:\/\/rcm.qc.ca\/wp-content\/uploads\/2021\/02\/04-birks.jpg\" alt=\"\" \/>\t\t\t\n\t\t\t<img decoding=\"async\" loading='false' src=\"https:\/\/rcm.qc.ca\/wp-content\/uploads\/2021\/02\/05-bizou.jpg\" alt=\"\" \/>\t\t\t\n\t\t\t<img decoding=\"async\" loading='false' src=\"https:\/\/rcm.qc.ca\/wp-content\/uploads\/2021\/02\/06-chocolat-favori.jpg\" alt=\"\" \/>\t\t\t\n\t\t\t<img decoding=\"async\" loading='false' src=\"https:\/\/rcm.qc.ca\/wp-content\/uploads\/2021\/02\/07-de-gaspe.jpg\" alt=\"\" \/>\t\t\t\n\t\t\t<img decoding=\"async\" loading='false' src=\"https:\/\/rcm.qc.ca\/wp-content\/uploads\/2021\/02\/08-eclipse-dentisterie.jpg\" alt=\"\" \/>\t\t\t\n\t\t\t<img decoding=\"async\" loading='false' src=\"https:\/\/rcm.qc.ca\/wp-content\/uploads\/2021\/02\/09-fasken.jpg\" alt=\"\" \/>\t\t\t\n\t\t\t<img decoding=\"async\" loading='false' src=\"https:\/\/rcm.qc.ca\/wp-content\/uploads\/2021\/02\/10-fonds-ftq.jpg\" alt=\"\" \/>\t\t\t\n\t\t\t<img decoding=\"async\" loading='false' src=\"https:\/\/rcm.qc.ca\/wp-content\/uploads\/2021\/02\/11-groupe-page-jaune.jpg\" alt=\"\" \/>\t\t\t\n\t\t\t<img decoding=\"async\" loading='false' src=\"https:\/\/rcm.qc.ca\/wp-content\/uploads\/2021\/02\/12-gsoft.jpg\" alt=\"\" \/>\t\t\t\n\t\t\t<img decoding=\"async\" loading='false' src=\"https:\/\/rcm.qc.ca\/wp-content\/uploads\/2021\/02\/13-jda-software.jpg\" alt=\"\" \/>\t\t\t\n\t\t\t<img decoding=\"async\" loading='false' src=\"https:\/\/rcm.qc.ca\/wp-content\/uploads\/2021\/02\/14-Jodoin-Lamarre-Pratte-architectes.jpg\" alt=\"\" \/>\t\t\t\n\t\t\t<img decoding=\"async\" loading='false' src=\"https:\/\/rcm.qc.ca\/wp-content\/uploads\/2021\/02\/15-Kemestre-Bar-Gourmet.jpg\" alt=\"\" \/>\t\t\t\n\t\t\t<img decoding=\"async\" loading='false' src=\"https:\/\/rcm.qc.ca\/wp-content\/uploads\/2021\/02\/16-laura-secord.jpg\" alt=\"\" \/>\t\t\t\n\t\t\t<img decoding=\"async\" loading='false' src=\"https:\/\/rcm.qc.ca\/wp-content\/uploads\/2021\/02\/17-nu-face.jpg\" alt=\"\" \/>\t\t\t\n\t\t\t<img decoding=\"async\" loading='false' src=\"https:\/\/rcm.qc.ca\/wp-content\/uploads\/2021\/02\/18-psycho-bunny.jpg\" alt=\"\" \/>\t\t\t\n\t\t\t<img decoding=\"async\" loading='false' src=\"https:\/\/rcm.qc.ca\/wp-content\/uploads\/2021\/02\/19-residences-jules-verne.jpg\" alt=\"\" \/>\t\t\t\n\t\t\t<img decoding=\"async\" loading='false' src=\"https:\/\/rcm.qc.ca\/wp-content\/uploads\/2021\/02\/20-ubisoft.jpg\" alt=\"\" \/>\t\t\t\n\t\t\t<img decoding=\"async\" loading='false' src=\"https:\/\/rcm.qc.ca\/wp-content\/uploads\/2021\/02\/01-attraction-media.jpg\" alt=\"\" \/>\t\t\t\n\t<p>Since its founding in 1984, our company has consistently demonstrated solid expertise in manufacturing techniques and quality standards, drawing on highly qualified labour and capable of surpassing the most exacting of customer expectations, with an unfailing commitment to timely delivery.<\/p>\n\t\t\t<a href=\"https:\/\/rcm.qc.ca\/en\/about-us\/\" target=\"_self\" role=\"button\" rel=\"noopener\">\n\t\t\t\t\t\t\tLearn more\n\t\t\t\t\t<\/a>\n\t<a href=\"javascript:void(0);\">\nScroll for more\n<img decoding=\"async\" src=\"\/wp-content\/uploads\/2021\/02\/icn-arrow-down.svg\" \/>\n<\/a>\n        <a href=\"\/en\/projets\/attraction-media\/\" data-img=\"\/wp-content\/uploads\/2021\/02\/01-attraction-media.jpg\">\n            Attraction M\u00e9dia\n        <\/a>\n        <a href=\"\/en\/projets\/avon\/\" data-img=\"\/wp-content\/uploads\/2021\/02\/02-avon.jpg\">\n            Avon\n        <\/a>\n        <a href=\"\/en\/projets\/bcf-avocats\/\" data-img=\"\/wp-content\/uploads\/2021\/02\/03-bcf.jpg\">\n            BCF Avocats\n        <\/a>\n        <a href=\"\/en\/projets\/birks\/\" data-img=\"\/wp-content\/uploads\/2021\/02\/04-birks.jpg\">\n            Birks Yorkdale\n        <\/a>\n        <a href=\"\/en\/projets\/bizou\/\" data-img=\"\/wp-content\/uploads\/2021\/02\/05-bizou.jpg\">\n            Bizou\n        <\/a>\n        <a href=\"\/en\/projets\/chocolats-favoris\/\" data-img=\"\/wp-content\/uploads\/2021\/02\/06-chocolat-favori.jpg\">\n            Chocolats Favoris\n        <\/a>\n        <a href=\"\/en\/projets\/de-gaspe\/\" data-img=\"\/wp-content\/uploads\/2021\/02\/07-de-gaspe.jpg\">\n            De Gasp\u00e9\n        <\/a>\n        <a href=\"\/en\/projets\/eclipse-dentisterie\/\" data-img=\"\/wp-content\/uploads\/2021\/02\/08-eclipse-dentisterie.jpg\">\n            \u00c9clipse Dentisterie\n        <\/a>\n        <a href=\"\/en\/projets\/fasken\/\" data-img=\"\/wp-content\/uploads\/2021\/02\/09-fasken.jpg\">\n            Fasken\n        <\/a>\n        <a href=\"\/en\/projets\/fonds-ftq\/\" data-img=\"\/wp-content\/uploads\/2021\/02\/10-fonds-ftq.jpg\">\n            Fonds FTQ\n        <\/a>\n        <a href=\"\/en\/projets\/groupe-page-jaune\/\" data-img=\"\/wp-content\/uploads\/2021\/02\/11-groupe-page-jaune.jpg\">\n            Groupe Page Jaune\n        <\/a>\n        <a href=\"\/en\/projets\/gsoft\/\" data-img=\"\/wp-content\/uploads\/2021\/02\/12-gsoft.jpg\">\n            GSoft\n        <\/a>\n        <a href=\"\/en\/projets\/jda-software\/\" data-img=\"\/wp-content\/uploads\/2021\/02\/13-jda-software.jpg\">\n            JDA Software\n        <\/a>\n        <a href=\"\/en\/projets\/jodoin-lamarre-pratte-architectes\/\" data-img=\"\/wp-content\/uploads\/2021\/02\/14-Jodoin-Lamarre-Pratte-architectes.jpg\">\n            Jodoin Lamarre Pratte architectes\n        <\/a>\n        <a href=\"\/en\/projets\/kemestre-bar-gourmet\/\" data-img=\"\/wp-content\/uploads\/2021\/02\/15-Kemestre-Bar-Gourmet.jpg\">\n            Kemestre Bar Gourmet\n        <\/a>\n        <a href=\"\/en\/projets\/laura-secord\/\" data-img=\"\/wp-content\/uploads\/2021\/02\/16-laura-secord.jpg\">\n            Laura Secord\n        <\/a>\n        <a href=\"\/en\/projets\/nu-face\/\" data-img=\"\/wp-content\/uploads\/2021\/02\/17-nu-face.jpg\">\n            Nu Face\n        <\/a>\n        <a href=\"\/en\/projets\/psycho-bunny\/\" data-img=\"\/wp-content\/uploads\/2021\/02\/18-psycho-bunny.jpg\">\n            Psycho Bunny\n        <\/a>\n        <a href=\"\/en\/projets\/residence-le-jules-verne\/\" data-img=\"\/wp-content\/uploads\/2021\/02\/19-residences-jules-verne.jpg\">\n            R\u00e9sidence Le Jules-Verne\n        <\/a>\n        <a href=\"\/en\/projets\/ubisoft\/\" data-img=\"\/wp-content\/uploads\/2021\/02\/20-ubisoft.jpg\">\n            Ubisoft\n        <\/a>\n<h2>\n\t\tServices\n\t<\/h2>\n<h2>\n\t\tRCM offers a wide range of services that enable it to match your needs, fulfil your expectations and craft projects worthy of your creative ambitions\n\t<\/h2>\n\t<p>Our team has the knowledge, personnel and state-of-the-art equipment needed to deliver projects that meet and even exceed your expectations. Whether your preferences are wood, laminates, melamine, stone surfaces, Corian or other acrylic composites, glass, metal or lacquer finishes, our expert touch with these essential elements is sure to satisfy your needs.<\/p>\n\t\t\t<a href=\"https:\/\/rcm.qc.ca\/en\/services\/\" target=\"_self\" role=\"button\" rel=\"noopener\">\n\t\t\t\t\t\t\tSee all services\n\t\t\t\t\t<\/a>\n\t\t\t\t<img loading=\"lazy\" decoding=\"async\" src=\"https:\/\/rcm.qc.ca\/wp-content\/uploads\/2021\/02\/X7A0179.png\" alt=\"_X7A0179\" itemprop=\"image\" height=\"520\" width=\"780\" title=\"_X7A0179\" onerror=\"this.style.display='none'\"  \/>\n      Services\n\t01<br \/>\nRestaurant and bar furnishings<br \/>\nFor projects large or small, RCM brings the same attention to detail and quality to every one of its creations.\n\t02<br \/>\nPersonalized office<br \/>furnishings<br \/>\nOur team of professionals uses their expertise to design and build workspaces that blend esthetics and practicality. RCM offers personalized office layout and design services to give you workspaces where your productivity can reach new heights.\n\t03<br \/>\nDoctors&#8217; offices and care clinics<br \/>\nOur expertise also extends to doctors&#8217; offices and care clinics. Whatever your design preferences, RCM can source a variety of materials and has the expert skills required to craft them into efficient and trend-forward healthcare spaces. \n\t04<br \/>\n Retail<br \/>furnishings<br \/>\nRCM is acclaimed industry-wide as a project-development leader in this field. Banners from Birks to Chocolat Favoris, MEC, Laura Secord, Psycho Bunny, Tristan and many others rank among our core clientele. We deliver right across Canada and even to the United States.\n\t05<br \/>\nArchitectural<br \/>elements<br \/>\nFrom storefronts to woodwork with piano-lacquer finishes, wall coverings, commercial building lobbies, hotels and corporate offices, RCM&#8217;s track record includes several prestige achievements, all speaking to the expertise needed to carry out the project of your dreams.\n        <a href=\"https:\/\/www.youtube.com\/embed\/x54PhgbIP7k\" target=\"_blank\" rel=\"noopener\" data-src=\"https:\/\/www.youtube.com\/embed\/x54PhgbIP7k?rel=0&amp;autoplay=1\"><img decoding=\"async\" src=\"\/wp-content\/uploads\/2021\/03\/urn_aaid_sc_US_2a5b5473-e0d8-43f3-8e4c-cb1ffa81736f.png\"\/><\/a>\n        <iframe height=\"100%\" src=\"https:\/\/www.youtube.com\/embed\/x54PhgbIP7k?rel=0\" frameborder=\"0\" allow=\"accelerometer; autoplay; encrypted-media; gyroscope; picture-in-picture\" allowfullscreen><\/iframe>\n<h2>\n\t\tPortfolio\n\t<\/h2>\n<h2>\n\t\tInspiring projects, best-practices execution\n\t<\/h2>\n\t<p>Wood finishes from the most common to the most exotic. From textures with character to piano-lacquer sheen. Densified woods, laminates or melamine. Solid surfaces like Corian. Not to mention glass, metal, stone, light cement sheeting and many other materials. Our flair for tailoring, mixing and matching these elements is limited only by your imagination and your expectations.<\/p>\n\t\t\t<a href=\"https:\/\/rcm.qc.ca\/en\/portfolio\/\" target=\"_self\" role=\"button\" rel=\"noopener\">\n\t\t\t\t\t\t\tExplore our projects\n\t\t\t\t\t<\/a>\n      Portfolio\n\n","protected":false},"excerpt":{"rendered":"<p>Manufacturer of custom built-in furniture and architectural elements Since its founding in 1984, our company has consistently demonstrated solid expertise in manufacturing techniques and quality standards, drawing on highly qualified labour and capable of surpassing the most exacting of customer expectations, with an unfailing commitment to timely delivery. Learn more Scroll for more Attraction M\u00e9dia &hellip;<\/p>\n<p class=\"read-more\"> <a class=\"\" href=\"https:\/\/rcm.qc.ca\/en\/\"> <span class=\"screen-reader-text\">home<\/span> Read More &raquo;<\/a><\/p>\n","protected":false},"author":1,"featured_media":0,"parent":0,"menu_order":0,"comment_status":"closed","ping_status":"closed","template":"","meta":{"inline_featured_image":false,"footnotes":""},"class_list":["post-510","page","type-page","status-publish","hentry"],"yoast_head":"<!-- This site is optimized with the Yoast SEO plugin v23.4 - https:\/\/yoast.com\/wordpress\/plugins\/seo\/ -->\n<title>Home | RCM Architectural<\/title>\n<meta name=\"description\" content=\"Depuis sa cr\u00e9ation en 1984, RCM Architectural est un fabricant de mobiliers int\u00e9gr\u00e9s et d\u2019\u00e9l\u00e9ments architecturaux sur mesure.\" \/>\n<meta name=\"robots\" content=\"index, follow, max-snippet:-1, max-image-preview:large, max-video-preview:-1\" \/>\n<link rel=\"canonical\" href=\"https:\/\/rcm.qc.ca\/en\/\" \/>\n<meta property=\"og:locale\" content=\"en_US\" \/>\n<meta property=\"og:type\" content=\"article\" \/>\n<meta property=\"og:title\" content=\"Home | RCM Architectural\" \/>\n<meta property=\"og:description\" content=\"Depuis sa cr\u00e9ation en 1984, RCM Architectural est un fabricant de mobiliers int\u00e9gr\u00e9s et d\u2019\u00e9l\u00e9ments architecturaux sur mesure.\" \/>\n<meta property=\"og:url\" content=\"https:\/\/rcm.qc.ca\/en\/\" \/>\n<meta property=\"og:site_name\" content=\"RCM Architectural\" \/>\n<meta property=\"article:modified_time\" content=\"2021-09-26T23:27:24+00:00\" \/>\n<meta property=\"og:image\" content=\"https:\/\/rcm.qc.ca\/wp-content\/uploads\/2021\/02\/02-avon.jpg\" \/>\n<meta name=\"twitter:card\" content=\"summary_large_image\" \/>\n<meta name=\"twitter:label1\" content=\"Est. reading time\" \/>\n\t<meta name=\"twitter:data1\" content=\"2 minutes\" \/>\n<script type=\"application\/ld+json\" class=\"yoast-schema-graph\">{\"@context\":\"https:\/\/schema.org\",\"@graph\":[{\"@type\":\"WebPage\",\"@id\":\"https:\/\/rcm.qc.ca\/en\/\",\"url\":\"https:\/\/rcm.qc.ca\/en\/\",\"name\":\"Home | RCM Architectural\",\"isPartOf\":{\"@id\":\"https:\/\/rcm.qc.ca\/#website\"},\"primaryImageOfPage\":{\"@id\":\"https:\/\/rcm.qc.ca\/en\/#primaryimage\"},\"image\":{\"@id\":\"https:\/\/rcm.qc.ca\/en\/#primaryimage\"},\"thumbnailUrl\":\"https:\/\/rcm.qc.ca\/wp-content\/uploads\/2021\/02\/02-avon.jpg\",\"datePublished\":\"2021-02-12T21:00:08+00:00\",\"dateModified\":\"2021-09-26T23:27:24+00:00\",\"description\":\"Depuis sa cr\u00e9ation en 1984, RCM Architectural est un fabricant de mobiliers int\u00e9gr\u00e9s et d\u2019\u00e9l\u00e9ments architecturaux sur mesure.\",\"breadcrumb\":{\"@id\":\"https:\/\/rcm.qc.ca\/en\/#breadcrumb\"},\"inLanguage\":\"en-US\",\"potentialAction\":[{\"@type\":\"ReadAction\",\"target\":[\"https:\/\/rcm.qc.ca\/en\/\"]}]},{\"@type\":\"ImageObject\",\"inLanguage\":\"en-US\",\"@id\":\"https:\/\/rcm.qc.ca\/en\/#primaryimage\",\"url\":\"https:\/\/rcm.qc.ca\/wp-content\/uploads\/2021\/02\/02-avon.jpg\",\"contentUrl\":\"https:\/\/rcm.qc.ca\/wp-content\/uploads\/2021\/02\/02-avon.jpg\"},{\"@type\":\"BreadcrumbList\",\"@id\":\"https:\/\/rcm.qc.ca\/en\/#breadcrumb\",\"itemListElement\":[{\"@type\":\"ListItem\",\"position\":1,\"name\":\"Home\",\"item\":\"https:\/\/rcm.qc.ca\/en\/\"},{\"@type\":\"ListItem\",\"position\":2,\"name\":\"home\"}]},{\"@type\":\"WebSite\",\"@id\":\"https:\/\/rcm.qc.ca\/#website\",\"url\":\"https:\/\/rcm.qc.ca\/\",\"name\":\"RCM Architectural\",\"description\":\"Un site utilisant WordPress\",\"potentialAction\":[{\"@type\":\"SearchAction\",\"target\":{\"@type\":\"EntryPoint\",\"urlTemplate\":\"https:\/\/rcm.qc.ca\/?s={search_term_string}\"},\"query-input\":{\"@type\":\"PropertyValueSpecification\",\"valueRequired\":true,\"valueName\":\"search_term_string\"}}],\"inLanguage\":\"en-US\"}]}<\/script>\n<!-- \/ Yoast SEO plugin. -->","yoast_head_json":{"title":"Home | RCM Architectural","description":"Depuis sa cr\u00e9ation en 1984, RCM Architectural est un fabricant de mobiliers int\u00e9gr\u00e9s et d\u2019\u00e9l\u00e9ments architecturaux sur mesure.","robots":{"index":"index","follow":"follow","max-snippet":"max-snippet:-1","max-image-preview":"max-image-preview:large","max-video-preview":"max-video-preview:-1"},"canonical":"https:\/\/rcm.qc.ca\/en\/","og_locale":"en_US","og_type":"article","og_title":"Home | RCM Architectural","og_description":"Depuis sa cr\u00e9ation en 1984, RCM Architectural est un fabricant de mobiliers int\u00e9gr\u00e9s et d\u2019\u00e9l\u00e9ments architecturaux sur mesure.","og_url":"https:\/\/rcm.qc.ca\/en\/","og_site_name":"RCM Architectural","article_modified_time":"2021-09-26T23:27:24+00:00","og_image":[{"url":"https:\/\/rcm.qc.ca\/wp-content\/uploads\/2021\/02\/02-avon.jpg"}],"twitter_card":"summary_large_image","twitter_misc":{"Est. reading time":"2 minutes"},"schema":{"@context":"https:\/\/schema.org","@graph":[{"@type":"WebPage","@id":"https:\/\/rcm.qc.ca\/en\/","url":"https:\/\/rcm.qc.ca\/en\/","name":"Home | RCM Architectural","isPartOf":{"@id":"https:\/\/rcm.qc.ca\/#website"},"primaryImageOfPage":{"@id":"https:\/\/rcm.qc.ca\/en\/#primaryimage"},"image":{"@id":"https:\/\/rcm.qc.ca\/en\/#primaryimage"},"thumbnailUrl":"https:\/\/rcm.qc.ca\/wp-content\/uploads\/2021\/02\/02-avon.jpg","datePublished":"2021-02-12T21:00:08+00:00","dateModified":"2021-09-26T23:27:24+00:00","description":"Depuis sa cr\u00e9ation en 1984, RCM Architectural est un fabricant de mobiliers int\u00e9gr\u00e9s et d\u2019\u00e9l\u00e9ments architecturaux sur mesure.","breadcrumb":{"@id":"https:\/\/rcm.qc.ca\/en\/#breadcrumb"},"inLanguage":"en-US","potentialAction":[{"@type":"ReadAction","target":["https:\/\/rcm.qc.ca\/en\/"]}]},{"@type":"ImageObject","inLanguage":"en-US","@id":"https:\/\/rcm.qc.ca\/en\/#primaryimage","url":"https:\/\/rcm.qc.ca\/wp-content\/uploads\/2021\/02\/02-avon.jpg","contentUrl":"https:\/\/rcm.qc.ca\/wp-content\/uploads\/2021\/02\/02-avon.jpg"},{"@type":"BreadcrumbList","@id":"https:\/\/rcm.qc.ca\/en\/#breadcrumb","itemListElement":[{"@type":"ListItem","position":1,"name":"Home","item":"https:\/\/rcm.qc.ca\/en\/"},{"@type":"ListItem","position":2,"name":"home"}]},{"@type":"WebSite","@id":"https:\/\/rcm.qc.ca\/#website","url":"https:\/\/rcm.qc.ca\/","name":"RCM Architectural","description":"Un site utilisant WordPress","potentialAction":[{"@type":"SearchAction","target":{"@type":"EntryPoint","urlTemplate":"https:\/\/rcm.qc.ca\/?s={search_term_string}"},"query-input":{"@type":"PropertyValueSpecification","valueRequired":true,"valueName":"search_term_string"}}],"inLanguage":"en-US"}]}},"_links":{"self":[{"href":"https:\/\/rcm.qc.ca\/en\/wp-json\/wp\/v2\/pages\/510"}],"collection":[{"href":"https:\/\/rcm.qc.ca\/en\/wp-json\/wp\/v2\/pages"}],"about":[{"href":"https:\/\/rcm.qc.ca\/en\/wp-json\/wp\/v2\/types\/page"}],"author":[{"embeddable":true,"href":"https:\/\/rcm.qc.ca\/en\/wp-json\/wp\/v2\/users\/1"}],"replies":[{"embeddable":true,"href":"https:\/\/rcm.qc.ca\/en\/wp-json\/wp\/v2\/comments?post=510"}],"version-history":[{"count":7,"href":"https:\/\/rcm.qc.ca\/en\/wp-json\/wp\/v2\/pages\/510\/revisions"}],"predecessor-version":[{"id":697,"href":"https:\/\/rcm.qc.ca\/en\/wp-json\/wp\/v2\/pages\/510\/revisions\/697"}],"wp:attachment":[{"href":"https:\/\/rcm.qc.ca\/en\/wp-json\/wp\/v2\/media?parent=510"}],"curies":[{"name":"wp","href":"https:\/\/api.w.org\/{rel}","templated":true}]}}